{"id":80,"date":"2009-10-13T12:47:53","date_gmt":"2009-10-13T17:47:53","guid":{"rendered":"http:\/\/jenzera.org\/web\/?page_id=80"},"modified":"2017-07-09T14:44:49","modified_gmt":"2017-07-09T19:44:49","slug":"escuela-interetnica-para-la-resolucion-de-conflictos","status":"publish","type":"page","link":"http:\/\/jenzera.org\/?page_id=80","title":{"rendered":"Escuela Inter\u00e9tnica"},"content":{"rendered":"<p style=\"text-align: center;\"><a href=\"http:\/\/jenzera.org\/web\/wp-content\/uploads\/2009\/10\/DSC028181.jpg\"><img loading=\"lazy\" class=\"size-medium wp-image-1189 aligncenter\" title=\"DSC02818\" src=\"http:\/\/jenzera.org\/web\/wp-content\/uploads\/2009\/10\/DSC028181-300x200.jpg\" alt=\"\" width=\"300\" height=\"200\" srcset=\"http:\/\/jenzera.org\/web\/wp-content\/uploads\/2009\/10\/DSC028181-300x200.jpg 300w, http:\/\/jenzera.org\/web\/wp-content\/uploads\/2009\/10\/DSC028181-1024x682.jpg 1024w\" sizes=\"(max-width: 300px) 100vw, 300px\" \/><\/a><\/p>\n<p>La escuela inter\u00e9tnica surge de un proceso de capacitaci\u00f3n y evaluaci\u00f3n de los retos que enfrentan varias comunidades del Pac\u00edfico colombiano. Este proceso empez\u00f3 en el 2007 y gir\u00f3 alrededor de una serie de reuniones de capacitaci\u00f3n sobre temas previamente concertados con representantes de organizaciones \u00e9tnico-territoriales de las regiones del\u00a0Naya y Bajo San Juan, y de Antioquia y Cauca. La Escuela tiene como objetivos:<\/p>\n<ul>\n<li>apoyar y acompa\u00f1ar iniciativas, procesos y estrategias de las comunidades negras e ind\u00edgenas tendientes a fortalecer la apropiaci\u00f3n legal, econ\u00f3mica, pol\u00edtica y cultural de sus territorios para que no los abandonen o cedan a otros intereses econ\u00f3micos m\u00e1s fuertes;<\/li>\n<li>mejorar la calidad de vida de las comunidades por medio del desarrollo de una econom\u00eda propia;<\/li>\n<li>conservar el patrimonio natural y la oferta ambiental de sus territorios y<\/li>\n<li>contribuir a la paz de la regi\u00f3n por medio de un desarrollo intercultural.<\/li>\n<\/ul>\n<p>Compartimos con todos los interesados una serie de documentos producto del trabajo de esta Escuela intercultural.<\/p>\n<h3><a href=\"http:\/\/escuelajenzera2016.wixsite.com\/escuelajenzera2016\">Escuela Inter\u00e9tnica &#8216;Posacuerdo de Paz&#8217; 2017<\/a><\/h3>\n<p>Ver toda la informaci\u00f3n de esta experiencia haciendo clic <a href=\"http:\/\/escuelajenzera2016.wixsite.com\/escuelajenzera2016\">aqu\u00ed<\/a><\/p>\n<h3><span style=\"color: #0000ff;\"><strong>Escuela de formaci\u00f3n inter\u00e9tnica para la resoluci\u00f3n de conflictos 2011<\/strong><\/span><\/h3>\n<p><strong>Primer m\u00f3dulo: Historia pol\u00edtica, social y econ\u00f3mica de Colombia y el Pac\u00edfico<br \/>\n<\/strong><\/p>\n<p><strong><em>Documentos de trabajo<\/em><\/strong><\/p>\n<p><a rel=\"attachment wp-att-1159\" href=\"http:\/\/jenzera.org\/web\/?attachment_id=1159\"><\/a><a href=\"http:\/\/jenzera.org\/web\/wp-content\/uploads\/2009\/10\/Problemas-estructurales-de-la-econom\u00eda-y-la-sociedad-colombiana1.pdf\">Problemas estructurales de la econom\u00eda y la sociedad colombiana<\/a><\/p>\n<p><a rel=\"attachment wp-att-1160\" href=\"http:\/\/jenzera.org\/web\/?attachment_id=1160\"><\/a><a href=\"http:\/\/jenzera.org\/web\/wp-content\/uploads\/2009\/10\/La-constituci\u00f3n-de-1991-y-los-Pueblos-Ind\u00edgenas1.pdf\">La constituci\u00f3n de 1991 y los pueblos ind\u00edgenas<\/a><\/p>\n<p><a rel=\"attachment wp-att-1161\" href=\"http:\/\/jenzera.org\/web\/?attachment_id=1161\"><\/a><a href=\"http:\/\/jenzera.org\/web\/wp-content\/uploads\/2009\/10\/Historia-econ\u00f3mica-del-Pac\u00edfico-colombiano1.pdf\">Historia econ\u00f3mica del Pac\u00edfico colombiano<\/a><\/p>\n<p><a rel=\"attachment wp-att-1162\" href=\"http:\/\/jenzera.org\/web\/?attachment_id=1162\"><\/a><a href=\"http:\/\/jenzera.org\/web\/wp-content\/uploads\/2009\/10\/Una-historia-de-negaciones1.pdf\">Una historia de negaciones<\/a><em><br \/>\n<\/em><\/p>\n<p><strong><em>Lecturas adicionales<\/em><\/strong><\/p>\n<p><a rel=\"attachment wp-att-1163\" href=\"http:\/\/jenzera.org\/web\/?attachment_id=1163\"><\/a><a href=\"http:\/\/jenzera.org\/web\/wp-content\/uploads\/2009\/10\/Es-esta-la-buena-vida-del-desarrollo1.pdf\">\u00bfEs esta la buena vida del desarrollo?<\/a><\/p>\n<p><a rel=\"attachment wp-att-1164\" href=\"http:\/\/jenzera.org\/web\/?attachment_id=1164\"><\/a><a href=\"http:\/\/jenzera.org\/web\/wp-content\/uploads\/2009\/10\/Declaraci\u00f3n-p\u00fablica2.pdf\">Declaraci\u00f3n p\u00fablica frente al proceso de consulta y protocolizaci\u00f3n de la consulta previa del Plan Nacional de Desarrollo 2010 &#8211; 2014 &#8220;Prosperidad para Todos\u201d<\/a><\/p>\n<p><strong>Segundo m\u00f3dulo: Procesos organizativos y gesti\u00f3n local<\/strong><\/p>\n<p><strong><em>Documentos de trabajo<\/em><\/strong><\/p>\n<p><a href=\"http:\/\/jenzera.org\/web\/wp-content\/uploads\/2009\/10\/Gesti\u00f3n-local-participativa1.pdf\">Gesti\u00f3n local participativa<\/a><\/p>\n<p><a href=\"http:\/\/jenzera.org\/web\/wp-content\/uploads\/2009\/10\/Pol\u00edticas-y-acciones-a-favor-de-la-juventud-rural-en-Colombia.pdf\">Pol\u00edticas y acciones a favor de la juventud rural en Colombia<\/a><\/p>\n<p><strong>Tercer m\u00f3dulo: Territorialidad y resoluci\u00f3n de conflictos<\/strong><\/p>\n<p><em><strong>Documentos de trabajo<\/strong><\/em><\/p>\n<p><a href=\"http:\/\/jenzera.org\/web\/wp-content\/uploads\/2009\/10\/Territorialidades-y-econom\u00edas-para-la-vida.pdf\">Territorialidades y econom\u00edas para la vida<\/a><\/p>\n<p><a href=\"http:\/\/jenzera.org\/web\/wp-content\/uploads\/2009\/10\/Ilustraci\u00f3n-de-bienes-comunes.pdf\">Ilustraci\u00f3n de bienes comunes<\/a><strong><br \/>\n<\/strong><\/p>\n<p><strong>Cuarto m\u00f3dulo: Pol\u00edticas p\u00fablicas e instrumentos jur\u00eddicos<br \/>\n<\/strong><\/p>\n<p><span style=\"color: #0000ff;\"><strong>Escuela de formaci\u00f3n inter\u00e9tnica para la resoluci\u00f3n de conflictos 20<strong>08<\/strong><\/strong><\/span><strong> <\/strong><\/p>\n<p>En julio del 2008 la Escuela de Formaci\u00f3n Inter\u00e9tnica present\u00f3 los resultados de su trabajo sobre la situaci\u00f3n de derechos humanos en la regi\u00f3n del R\u00edo Naya. <a class=\"wp-caption-dd\" href=\"http:\/\/www.flickr.com\/photos\/jenzera\/sets\/72157623390807528\/show\/\" target=\"_self\">Ver fotograf\u00edas de la\u00a0experiencia<\/a>.<\/p>\n","protected":false},"excerpt":{"rendered":"<p>La escuela inter\u00e9tnica surge de un proceso de capacitaci\u00f3n y evaluaci\u00f3n de los retos que enfrentan varias comunidades del Pac\u00edfico colombiano. Este proceso empez\u00f3 en el 2007 y gir\u00f3 alrededor de una serie de reuniones de capacitaci\u00f3n sobre temas previamente &hellip; <a href=\"http:\/\/jenzera.org\/?page_id=80\">Continue reading <span class=\"meta-nav\">&rarr;<\/span><\/a><\/p>\n","protected":false},"author":2,"featured_media":0,"parent":1332,"menu_order":4,"comment_status":"closed","ping_status":"closed","template":"","meta":[],"_links":{"self":[{"href":"http:\/\/jenzera.org\/index.php?rest_route=\/wp\/v2\/pages\/80"}],"collection":[{"href":"http:\/\/jenzera.org\/index.php?rest_route=\/wp\/v2\/pages"}],"about":[{"href":"http:\/\/jenzera.org\/index.php?rest_route=\/wp\/v2\/types\/page"}],"author":[{"embeddable":true,"href":"http:\/\/jenzera.org\/index.php?rest_route=\/wp\/v2\/users\/2"}],"replies":[{"embeddable":true,"href":"http:\/\/jenzera.org\/index.php?rest_route=%2Fwp%2Fv2%2Fcomments&post=80"}],"version-history":[{"count":71,"href":"http:\/\/jenzera.org\/index.php?rest_route=\/wp\/v2\/pages\/80\/revisions"}],"predecessor-version":[{"id":82,"href":"http:\/\/jenzera.org\/index.php?rest_route=\/wp\/v2\/pages\/80\/revisions\/82"}],"up":[{"embeddable":true,"href":"http:\/\/jenzera.org\/index.php?rest_route=\/wp\/v2\/pages\/1332"}],"wp:attachment":[{"href":"http:\/\/jenzera.org\/index.php?rest_route=%2Fwp%2Fv2%2Fmedia&parent=80"}],"curies":[{"name":"wp","href":"https:\/\/api.w.org\/{rel}","templated":true}]}}