{"id":5,"date":"2009-10-09T17:49:58","date_gmt":"2009-10-09T22:49:58","guid":{"rendered":"http:\/\/jenzera.org\/web\/?page_id=5"},"modified":"2019-05-31T17:39:03","modified_gmt":"2019-05-31T22:39:03","slug":"inicio","status":"publish","type":"page","link":"http:\/\/jenzera.org\/","title":{"rendered":"Inicio"},"content":{"rendered":"<p><span style=\"color: #000000;\">El Colectivo de Trabajo Jenzera es un grupo interdisciplinar e inter\u00e9tnico fundado en 1998\u00a0 por personas con amplia experiencia en el acompa\u00f1amiento a pueblos ind\u00edgenas, afrocolombianos y campesinos, en varias regiones de Colombia. Con domicilio en la ciudad de Bogot\u00e1,\u00a0Jenzera es una instituci\u00f3n sin \u00e1nimo de lucro y de car\u00e1cter civil, comprometida con los esfuerzos organizativos de estos pueblos por superar estadios de pobreza y exclusi\u00f3n social. El grupo inicial se conform\u00f3 en 1995\u00a0\u00a0para luchar por los derechos del pueblo embera kat\u00edo del Alto Sin\u00fa, vulnerados por la empresa Urra S.A. El nombre jenzera, que en lengua embera significa hormiga,\u00a0 fue una idea del l\u00edder tradicional embera kat\u00edo Kimy Pern\u00eda.<\/span><\/p>\n<h4><span style=\"color: #000000;\"> <\/span><\/h4>\n<h4><span style=\"color: #000000;\"> <\/span><\/h4>\n","protected":false},"excerpt":{"rendered":"<p>El Colectivo de Trabajo Jenzera es un grupo interdisciplinar e inter\u00e9tnico fundado en 1998\u00a0 por personas con amplia experiencia en el acompa\u00f1amiento a pueblos ind\u00edgenas, afrocolombianos y campesinos, en varias regiones de Colombia. Con domicilio en la ciudad de Bogot\u00e1,\u00a0Jenzera &hellip; <a href=\"http:\/\/jenzera.org\/\">Continue reading <span class=\"meta-nav\">&rarr;<\/span><\/a><\/p>\n","protected":false},"author":1,"featured_media":0,"parent":0,"menu_order":1,"comment_status":"closed","ping_status":"closed","template":"","meta":[],"_links":{"self":[{"href":"http:\/\/jenzera.org\/index.php?rest_route=\/wp\/v2\/pages\/5"}],"collection":[{"href":"http:\/\/jenzera.org\/index.php?rest_route=\/wp\/v2\/pages"}],"about":[{"href":"http:\/\/jenzera.org\/index.php?rest_route=\/wp\/v2\/types\/page"}],"author":[{"embeddable":true,"href":"http:\/\/jenzera.org\/index.php?rest_route=\/wp\/v2\/users\/1"}],"replies":[{"embeddable":true,"href":"http:\/\/jenzera.org\/index.php?rest_route=%2Fwp%2Fv2%2Fcomments&post=5"}],"version-history":[{"count":212,"href":"http:\/\/jenzera.org\/index.php?rest_route=\/wp\/v2\/pages\/5\/revisions"}],"predecessor-version":[{"id":106,"href":"http:\/\/jenzera.org\/index.php?rest_route=\/wp\/v2\/pages\/5\/revisions\/106"}],"wp:attachment":[{"href":"http:\/\/jenzera.org\/index.php?rest_route=%2Fwp%2Fv2%2Fmedia&parent=5"}],"curies":[{"name":"wp","href":"https:\/\/api.w.org\/{rel}","templated":true}]}}