{"id":258,"date":"2010-01-22T12:27:57","date_gmt":"2010-01-22T17:27:57","guid":{"rendered":"http:\/\/jenzera.org\/web\/?page_id=258"},"modified":"2012-08-15T03:17:27","modified_gmt":"2012-08-15T08:17:27","slug":"comunicados-2","status":"publish","type":"page","link":"http:\/\/jenzera.org\/?page_id=258","title":{"rendered":"Publicaciones"},"content":{"rendered":"<p>El Colectivo de Trabajo Jenzer\u00e1 comparte en esta secci\u00f3n\u00a0documentos producto de nuestro\u00a0an\u00e1lisis de temas de interculturalidad, derecho de pueblos negros e ind\u00edgenas, pol\u00edticas p\u00fablicas, territorialidad y medio ambiente.<\/p>\n","protected":false},"excerpt":{"rendered":"<p>El Colectivo de Trabajo Jenzer\u00e1 comparte en esta secci\u00f3n\u00a0documentos producto de nuestro\u00a0an\u00e1lisis de temas de interculturalidad, derecho de pueblos negros e ind\u00edgenas, pol\u00edticas p\u00fablicas, territorialidad y medio ambiente.<\/p>\n","protected":false},"author":2,"featured_media":0,"parent":0,"menu_order":4,"comment_status":"closed","ping_status":"closed","template":"","meta":[],"_links":{"self":[{"href":"http:\/\/jenzera.org\/index.php?rest_route=\/wp\/v2\/pages\/258"}],"collection":[{"href":"http:\/\/jenzera.org\/index.php?rest_route=\/wp\/v2\/pages"}],"about":[{"href":"http:\/\/jenzera.org\/index.php?rest_route=\/wp\/v2\/types\/page"}],"author":[{"embeddable":true,"href":"http:\/\/jenzera.org\/index.php?rest_route=\/wp\/v2\/users\/2"}],"replies":[{"embeddable":true,"href":"http:\/\/jenzera.org\/index.php?rest_route=%2Fwp%2Fv2%2Fcomments&post=258"}],"version-history":[{"count":120,"href":"http:\/\/jenzera.org\/index.php?rest_route=\/wp\/v2\/pages\/258\/revisions"}],"predecessor-version":[{"id":272,"href":"http:\/\/jenzera.org\/index.php?rest_route=\/wp\/v2\/pages\/258\/revisions\/272"}],"wp:attachment":[{"href":"http:\/\/jenzera.org\/index.php?rest_route=%2Fwp%2Fv2%2Fmedia&parent=258"}],"curies":[{"name":"wp","href":"https:\/\/api.w.org\/{rel}","templated":true}]}}