{"id":2570,"date":"2014-02-05T16:15:48","date_gmt":"2014-02-05T21:15:48","guid":{"rendered":"http:\/\/jenzera.org\/web\/?page_id=2570"},"modified":"2014-02-06T13:34:31","modified_gmt":"2014-02-06T18:34:31","slug":"asociacion-de-pequenos-productores-campesinos-de-tinjaca","status":"publish","type":"page","link":"http:\/\/jenzera.org\/?page_id=2570","title":{"rendered":"Productores Campesinos de Tinjac\u00e1"},"content":{"rendered":"<p style=\"text-align: left;\"><a rel=\"attachment wp-att-2572\" href=\"http:\/\/jenzera.org\/web\/?attachment_id=2572\"><img loading=\"lazy\" class=\"alignleft size-medium wp-image-2572\" title=\"En la huerta\" src=\"http:\/\/jenzera.org\/web\/wp-content\/uploads\/2014\/02\/pamplona-junio-11-100-300x200.jpg\" alt=\"\" width=\"180\" height=\"120\" srcset=\"http:\/\/jenzera.org\/web\/wp-content\/uploads\/2014\/02\/pamplona-junio-11-100-300x200.jpg 300w, http:\/\/jenzera.org\/web\/wp-content\/uploads\/2014\/02\/pamplona-junio-11-100-1024x682.jpg 1024w\" sizes=\"(max-width: 180px) 100vw, 180px\" \/><\/a><strong><span style=\"color: #000000;\">La Asociaci\u00f3n de Peque\u00f1os Productores Campesinos de Tinjac\u00e1 (APROCAM)<\/span><\/strong><\/p>\n<p style=\"text-align: left;\">La Asociaci\u00f3n est\u00e1 organizada en la vereda de Pe\u00f1as Alto, Tinjac\u00e1, Boyac\u00e1. APROCAM re\u00fane diez familias campesinas alrededor de huertas que mejoran la seguridad alimentaria. En el proyecto se siguen criterios de producci\u00f3n limpia, uso de especies nativas, mejoramiento de infraestructura para la cr\u00eda de gallinas y pollos, y el cultivo de hierbas medicinales y arom\u00e1ticas.<\/p>\n<p>Desde el 2009, Jenzera viene acompa\u00f1ando a APROCAM en su proceso de fortalecimiento organizativo y productivo, y le ofrece apoyo en labores administrativas. Jenzera ha ayudado a facilitar encuentros y\u00a0 capacitaciones t\u00e9cnicas.<a href=\"http:\/\/jenzera.org\/web\/wp-content\/uploads\/2014\/02\/taller-aprocam-ene-feb-093.jpg\"><img loading=\"lazy\" class=\"aligncenter size-medium wp-image-2578\" title=\"taller aprocam ene feb 093\" src=\"http:\/\/jenzera.org\/web\/wp-content\/uploads\/2014\/02\/taller-aprocam-ene-feb-093-300x168.jpg\" alt=\"\" width=\"300\" height=\"168\" srcset=\"http:\/\/jenzera.org\/web\/wp-content\/uploads\/2014\/02\/taller-aprocam-ene-feb-093-300x168.jpg 300w, http:\/\/jenzera.org\/web\/wp-content\/uploads\/2014\/02\/taller-aprocam-ene-feb-093-1024x576.jpg 1024w, http:\/\/jenzera.org\/web\/wp-content\/uploads\/2014\/02\/taller-aprocam-ene-feb-093.jpg 1920w\" sizes=\"(max-width: 300px) 100vw, 300px\" \/><\/a><\/p>\n<p>En Octubre del 2013, \u00a0la empresa\u00a0 perforadora de Hidrocarburos PERFOTEC SAS,\u00a0 contratada por NEXEN PETROLEUM COLOMBIA LTDA inici\u00f3 actividades de exploraci\u00f3n en esta vereda, m\u00e1s precisamente en el kil\u00f3metro 18 de la v\u00eda Chiquinquir\u00e1-Tunja. A la fecha se cuenta con poca informaci\u00f3n que aclare la situaci\u00f3n de esta empresa en la vereda y en otras veredas del Municipio. No se sabe c\u00f3mo van a afectar el agua, la tierra y las propiedades campesinas. Por ello, APROCAM y Jenzera estar\u00e1n atentos a la situaci\u00f3n y citar\u00e1n a reuniones para buscar aliados y mayor informaci\u00f3n sobre los efectos de la miner\u00eda.<\/p>\n<p><img loading=\"lazy\" class=\"aligncenter size-medium wp-image-2586\" title=\"P1040765\" src=\"http:\/\/jenzera.org\/web\/wp-content\/uploads\/2014\/02\/P1040765-300x225.jpg\" alt=\"\" width=\"180\" height=\"135\" srcset=\"http:\/\/jenzera.org\/web\/wp-content\/uploads\/2014\/02\/P1040765-300x225.jpg 300w, http:\/\/jenzera.org\/web\/wp-content\/uploads\/2014\/02\/P1040765-1024x768.jpg 1024w\" sizes=\"(max-width: 180px) 100vw, 180px\" \/><\/p>\n<p><a href=\"http:\/\/www.periodicoeldiario.com\/index.php\/categoria-departamento\/4966-ni-mineria-ni-hidrocarburos-y-menos-el-shale-gas\">Ver lo que ha publicado la prensa local sobre este asunto.<\/a><\/p>\n","protected":false},"excerpt":{"rendered":"<p>La Asociaci\u00f3n de Peque\u00f1os Productores Campesinos de Tinjac\u00e1 (APROCAM) La Asociaci\u00f3n est\u00e1 organizada en la vereda de Pe\u00f1as Alto, Tinjac\u00e1, Boyac\u00e1. APROCAM re\u00fane diez familias campesinas alrededor de huertas que mejoran la seguridad alimentaria. En el proyecto se siguen criterios &hellip; <a href=\"http:\/\/jenzera.org\/?page_id=2570\">Continue reading <span class=\"meta-nav\">&rarr;<\/span><\/a><\/p>\n","protected":false},"author":2,"featured_media":0,"parent":1332,"menu_order":3,"comment_status":"closed","ping_status":"open","template":"","meta":[],"_links":{"self":[{"href":"http:\/\/jenzera.org\/index.php?rest_route=\/wp\/v2\/pages\/2570"}],"collection":[{"href":"http:\/\/jenzera.org\/index.php?rest_route=\/wp\/v2\/pages"}],"about":[{"href":"http:\/\/jenzera.org\/index.php?rest_route=\/wp\/v2\/types\/page"}],"author":[{"embeddable":true,"href":"http:\/\/jenzera.org\/index.php?rest_route=\/wp\/v2\/users\/2"}],"replies":[{"embeddable":true,"href":"http:\/\/jenzera.org\/index.php?rest_route=%2Fwp%2Fv2%2Fcomments&post=2570"}],"version-history":[{"count":32,"href":"http:\/\/jenzera.org\/index.php?rest_route=\/wp\/v2\/pages\/2570\/revisions"}],"predecessor-version":[{"id":2575,"href":"http:\/\/jenzera.org\/index.php?rest_route=\/wp\/v2\/pages\/2570\/revisions\/2575"}],"up":[{"embeddable":true,"href":"http:\/\/jenzera.org\/index.php?rest_route=\/wp\/v2\/pages\/1332"}],"wp:attachment":[{"href":"http:\/\/jenzera.org\/index.php?rest_route=%2Fwp%2Fv2%2Fmedia&parent=2570"}],"curies":[{"name":"wp","href":"https:\/\/api.w.org\/{rel}","templated":true}]}}