{"id":1428,"date":"2012-08-15T03:18:56","date_gmt":"2012-08-15T08:18:56","guid":{"rendered":"http:\/\/jenzera.org\/web\/?page_id=1428"},"modified":"2012-08-15T12:53:34","modified_gmt":"2012-08-15T17:53:34","slug":"documentos-de-apoyo","status":"publish","type":"page","link":"http:\/\/jenzera.org\/?page_id=1428","title":{"rendered":"Documentos de apoyo"},"content":{"rendered":"<p><strong>Derechos Humanos: <\/strong><\/p>\n<p><a href=\"http:\/\/jenzera.org\/web\/wp-content\/uploads\/2009\/10\/Colombia-bajo-la-lupa-de-las-Naciones.pdf\">Colombia bajo la lupa de las Naciones<\/a><\/p>\n<p><a href=\"http:\/\/jenzera.org\/web\/wp-content\/uploads\/2010\/01\/Derechos-de-los-pueblos-ind\u00edgenas-y-tribales-sobre-sus-tierras-y-sus-recursos.pdf\">Derechos de los pueblos ind\u00edgenas y tribales sobre sus tierras y sus recursos<\/a><\/p>\n<p style=\"text-align: left;\"><strong>Pol\u00edtica<\/strong><\/p>\n<p><a href=\"http:\/\/jenzera.org\/web\/wp-content\/uploads\/2010\/01\/La-madre-tierra-y-el-buen-vivir2.pdf\">La madre tierra y el buen vivir<\/a><\/p>\n<p><a href=\"http:\/\/jenzera.org\/web\/wp-content\/uploads\/2010\/01\/La-ASI-en-la-encrucijada.pdf\">La ASI en la encrucijada<\/a><\/p>\n<p><a href=\"http:\/\/jenzera.org\/web\/wp-content\/uploads\/2010\/01\/Bolivia-abre-sus-entra\u00f1as.pdf\">Bolivia abre sus entra\u00f1as<\/a><\/p>\n<p><a href=\"http:\/\/jenzera.org\/web\/wp-content\/uploads\/2010\/01\/A-que-le-apuestan-los-indigenas-Minga-2008.pdf\">Colombia: A qu\u00e9 le apuestan los ind\u00edgenas, Minga 2008<\/a><\/p>\n<p><a href=\"http:\/\/jenzera.org\/web\/wp-content\/uploads\/2010\/01\/La-naturaleza-de-los-cambios-sociales-y-los-pueblos-\u00e9tnico-territoriales.pdf\">La naturaleza de los cambios sociales y los pueblos \u00e9tnico territoriales<\/a><\/p>\n<p><a href=\"http:\/\/jenzera.org\/web\/?p=819\">Conflictos en el movimiento ind\u00edgena caucano<\/a><\/p>\n<p><a href=\"http:\/\/jenzera.org\/web\/wp-content\/uploads\/2010\/01\/Boletin-de-ACIN.pdf\">Boletin de ACIN<\/a><\/p>\n<p style=\"line-height: 14.25pt;\"><strong><span style=\"font-size: 10pt; font-family: 'Georgia','serif';\">Econom\u00eda Pol\u00edtica<\/span><\/strong><\/p>\n<p style=\"line-height: 14.25pt;\"><span style=\"font-size: 10pt; font-family: 'Georgia','serif';\"><a rel=\"attachment wp-att-329\" href=\"http:\/\/jenzera.org\/web\/?attachment_id=329\">Iniciativa para la Integraci\u00f3n de la Infraestructura Regional de Suram\u00e9rica \u2013 IIRSA<\/a><\/span><\/p>\n<p style=\"line-height: 14.25pt;\"><span style=\"font-size: 10pt; font-family: 'Georgia','serif';\"><strong>Territorio<\/strong><\/span><\/p>\n<p style=\"line-height: 14.25pt;\"><span style=\"font-size: 10pt; font-family: 'Georgia','serif';\"><a rel=\"attachment wp-att-497\" href=\"http:\/\/jenzera.org\/web\/?attachment_id=497\">Territorio, identidad cultural, jurisdicci\u00f3n especial, gobierno propio y autonom\u00eda<\/a><\/span><\/p>\n<p style=\"line-height: 14.25pt;\"><span style=\"font-size: 10pt; font-family: 'Georgia','serif';\"><a rel=\"attachment wp-att-538\" href=\"http:\/\/jenzera.org\/web\/?attachment_id=538\">Las zonas de reserva campesina<\/a><\/span><\/p>\n<p style=\"line-height: 14.25pt;\"><span style=\"font-size: 10pt; font-family: 'Georgia','serif';\"><strong>Jurisprudencia<\/strong><\/span><\/p>\n<p style=\"line-height: 14.25pt;\"><span style=\"font-size: 10pt; font-family: 'Georgia','serif';\"><a href=\"http:\/\/jenzera.org\/web\/wp-content\/uploads\/2010\/01\/T-025-04.pdf\"><strong>SentenciaT-025-2004 <\/strong>Condiciones para que las asociaciones de desplazados interpongan la acci\u00f3n de tutela<\/a><\/span><\/p>\n<p style=\"line-height: 14.25pt;\"><span style=\"font-size: 10pt; font-family: 'Georgia','serif';\"><a href=\"http:\/\/jenzera.org\/web\/wp-content\/uploads\/2010\/01\/T-523-97.pdf\"><strong>Sentencia T-523-1997 <\/strong>Reconocimiento constitucional del principio de la diversidad \u00e9tnica y cultural<\/a><\/span><\/p>\n<p style=\"line-height: 14.25pt;\"><span style=\"font-size: 10pt; font-family: 'Georgia','serif';\"><a href=\"http:\/\/jenzera.org\/web\/wp-content\/uploads\/2010\/01\/T-1127-01.pdf\"><strong>Sentencia T-1127-2001 <\/strong>Jurisdicci\u00f3n ind\u00edgena -Durante el proceso debe permitirse la comunicaci\u00f3n entre madre e hijo<\/a><\/span><\/p>\n<p style=\"line-height: 14.25pt;\"><span style=\"font-size: 10pt; font-family: 'Georgia','serif';\"><a href=\"http:\/\/jenzera.org\/web\/wp-content\/uploads\/2010\/01\/T-769-09.pdf\"><strong>Sentencia T-769-2009 <\/strong>Consulta previa de las comunidades ind\u00edgenas<\/a><\/span><\/p>\n<p style=\"line-height: 14.25pt;\"><strong><a href=\"http:\/\/jenzera.org\/web\/wp-content\/uploads\/2010\/01\/Sentencia-T-129-de-2011.pdf\">Sentencia T-129 de 20<\/a><a href=\"http:\/\/jenzera.org\/web\/wp-content\/uploads\/2010\/01\/Sentencia-T-129-de-2011.pdf\">11<\/a><\/strong><\/p>\n<p style=\"line-height: 14.25pt;\"><span style=\"font-size: 10pt; font-family: 'Georgia','serif';\"><a href=\"http:\/\/jenzera.org\/web\/wp-content\/uploads\/2010\/01\/A004-09.pdf\"><strong>Auto 004-2009<\/strong> Protecci\u00f3n de derechos fundamentales de personas e ind\u00edgenas desplazados por el conflicto armado en el marco de superaci\u00f3n del estado de cosas inconstitucional <\/a><\/span><\/p>\n<p style=\"line-height: 14.25pt;\"><span style=\"font-size: 10pt; font-family: 'Georgia','serif';\"><a href=\"http:\/\/jenzera.org\/web\/wp-content\/uploads\/2010\/01\/A005-09.pdf\"><strong>Auto 005-2009<\/strong> Protecci\u00f3n de derechos fundamentales de la poblaci\u00f3n afrodescendiente v\u00edctima del desplazamiento forzado en el marco de superaci\u00f3n del estado de cosas inconstitucional<\/a><\/span><\/p>\n<p style=\"line-height: 14.25pt;\"><span style=\"font-size: 10pt; font-family: 'Georgia','serif';\"><a href=\"http:\/\/jenzera.org\/web\/wp-content\/uploads\/2010\/01\/A008-09.pdf\"><strong>Auto 008-2009<\/strong> Desplazamiento forzado &#8211; Persistencia del estado de cosas inconstitucional declarado en sentencia T-025-2004<\/a><\/span><\/p>\n<p style=\"line-height: 14.25pt;\"><span style=\"font-size: 10pt; font-family: 'Georgia','serif';\"><a href=\"http:\/\/jenzera.org\/web\/wp-content\/uploads\/2010\/01\/A092-08-1.pdf\"><strong>Auto 092 -2008<\/strong> Adopci\u00f3n de medidas para la protecci\u00f3n a mujeres v\u00edctimas del desplazamiento forzado por causa del conflicto armado<\/a><br \/>\n<\/span><\/p>\n<p style=\"line-height: 14.25pt;\"><span style=\"font-size: 10pt; font-family: 'Georgia','serif';\"><a href=\"http:\/\/jenzera.org\/web\/wp-content\/uploads\/2010\/01\/LEY-89.pdf\"><strong>Ley 89 de 1890<\/strong> Determina la manera como deben ser gobernados los salvajes que vayan reduci\u00e9ndose a la vida civilizada<\/a><\/span><\/p>\n<p style=\"line-height: 14.25pt;\"><span style=\"font-size: 10pt; font-family: 'Georgia','serif';\"><a href=\"http:\/\/jenzera.org\/web\/wp-content\/uploads\/2010\/01\/DECRETO-441-DE-2010.pdf\"><strong>Decreto 441 de 2010<\/strong> &#8211; Decreto de resguardos de orden colonial que reglamenta el art\u00edculo 85 de la Ley 160 de 1994<\/a><\/span><\/p>\n<p style=\"line-height: 14.25pt;\"><span style=\"font-size: 10pt; font-family: 'Georgia','serif';\"><a href=\"http:\/\/jenzera.org\/web\/wp-content\/uploads\/2010\/01\/DIRECTIVA-PRESIDENCIAL-N\u00daMERO-01-DE-2010.pdf\"><strong>Directiva presidencial N\u00famero 01 de 2010<\/strong> &#8211; Garant\u00eda del derecho fundamental a la consulta previa de los grupos \u00e9tnicos nacionales<\/a><\/span><\/p>\n<p style=\"line-height: 14.25pt;\"><strong><span style=\"font-size: 10pt; font-family: 'Georgia','serif';\">Cartillas<\/span><\/strong><\/p>\n<pre style=\"line-height: 14.25pt;\"><span style=\"font-size: 10pt; font-family: 'Georgia','serif';\"><a href=\"http:\/\/jenzera.org\/web\/wp-content\/uploads\/2010\/01\/Cartilla-consulta-previa.pdf\">El derecho de las comunidades afrocolombianas a la consulta previa, libre e informada<\/a>\r\n<strong>\r\nDocumentos Recomendados\r\n\r\n<\/strong><a href=\"http:\/\/jenzera.org\/web\/wp-content\/uploads\/2010\/01\/Documentos-para-la-historia-del-movimiento-ind\u00edgena-colombiano-contempor\u00e1neo.pdf\">Documentos para la historia del movimiento ind\u00edgena colombiano contempor\u00e1neo<\/a><strong>\r\n<\/strong><\/span><\/pre>\n","protected":false},"excerpt":{"rendered":"<p>Derechos Humanos: Colombia bajo la lupa de las Naciones Derechos de los pueblos ind\u00edgenas y tribales sobre sus tierras y sus recursos Pol\u00edtica La madre tierra y el buen vivir La ASI en la encrucijada Bolivia abre sus entra\u00f1as Colombia: &hellip; <a href=\"http:\/\/jenzera.org\/?page_id=1428\">Continue reading <span class=\"meta-nav\">&rarr;<\/span><\/a><\/p>\n","protected":false},"author":1,"featured_media":0,"parent":258,"menu_order":7,"comment_status":"closed","ping_status":"open","template":"","meta":[],"_links":{"self":[{"href":"http:\/\/jenzera.org\/index.php?rest_route=\/wp\/v2\/pages\/1428"}],"collection":[{"href":"http:\/\/jenzera.org\/index.php?rest_route=\/wp\/v2\/pages"}],"about":[{"href":"http:\/\/jenzera.org\/index.php?rest_route=\/wp\/v2\/types\/page"}],"author":[{"embeddable":true,"href":"http:\/\/jenzera.org\/index.php?rest_route=\/wp\/v2\/users\/1"}],"replies":[{"embeddable":true,"href":"http:\/\/jenzera.org\/index.php?rest_route=%2Fwp%2Fv2%2Fcomments&post=1428"}],"version-history":[{"count":9,"href":"http:\/\/jenzera.org\/index.php?rest_route=\/wp\/v2\/pages\/1428\/revisions"}],"predecessor-version":[{"id":1431,"href":"http:\/\/jenzera.org\/index.php?rest_route=\/wp\/v2\/pages\/1428\/revisions\/1431"}],"up":[{"embeddable":true,"href":"http:\/\/jenzera.org\/index.php?rest_route=\/wp\/v2\/pages\/258"}],"wp:attachment":[{"href":"http:\/\/jenzera.org\/index.php?rest_route=%2Fwp%2Fv2%2Fmedia&parent=1428"}],"curies":[{"name":"wp","href":"https:\/\/api.w.org\/{rel}","templated":true}]}}