{"id":1418,"date":"2012-08-15T03:12:55","date_gmt":"2012-08-15T08:12:55","guid":{"rendered":"http:\/\/jenzera.org\/web\/?page_id=1418"},"modified":"2012-08-15T03:13:52","modified_gmt":"2012-08-15T08:13:52","slug":"videos","status":"publish","type":"page","link":"http:\/\/jenzera.org\/?page_id=1418","title":{"rendered":"Videos"},"content":{"rendered":"<h2><a href=\"http:\/\/www.vimeo.com\/12300293\">Video &#8220;El Pac\u00edfico Colombiano: entre la vida, el desarraigo y la resistencia&#8221;<\/a><\/h2>\n<p>Este video, producido por IWGIA y el colectivo de trabajo Jenzer\u00e1 con la realizaci\u00f3n de la fundaci\u00f3n chasquis, desnuda la tragedia humanitaria que vive el territorio del Pac\u00edfico, una de las regiones m\u00e1s ricas y biodiversas del planeta, que en pocos a\u00f1os dej\u00f3 de ser un remanso de paz para convertirse en una de las regiones m\u00e1s violentas del pa\u00eds.<\/p>\n","protected":false},"excerpt":{"rendered":"<p>Video &#8220;El Pac\u00edfico Colombiano: entre la vida, el desarraigo y la resistencia&#8221; Este video, producido por IWGIA y el colectivo de trabajo Jenzer\u00e1 con la realizaci\u00f3n de la fundaci\u00f3n chasquis, desnuda la tragedia humanitaria que vive el territorio del Pac\u00edfico, &hellip; <a href=\"http:\/\/jenzera.org\/?page_id=1418\">Continue reading <span class=\"meta-nav\">&rarr;<\/span><\/a><\/p>\n","protected":false},"author":1,"featured_media":0,"parent":258,"menu_order":0,"comment_status":"closed","ping_status":"open","template":"","meta":[],"_links":{"self":[{"href":"http:\/\/jenzera.org\/index.php?rest_route=\/wp\/v2\/pages\/1418"}],"collection":[{"href":"http:\/\/jenzera.org\/index.php?rest_route=\/wp\/v2\/pages"}],"about":[{"href":"http:\/\/jenzera.org\/index.php?rest_route=\/wp\/v2\/types\/page"}],"author":[{"embeddable":true,"href":"http:\/\/jenzera.org\/index.php?rest_route=\/wp\/v2\/users\/1"}],"replies":[{"embeddable":true,"href":"http:\/\/jenzera.org\/index.php?rest_route=%2Fwp%2Fv2%2Fcomments&post=1418"}],"version-history":[{"count":3,"href":"http:\/\/jenzera.org\/index.php?rest_route=\/wp\/v2\/pages\/1418\/revisions"}],"predecessor-version":[{"id":1421,"href":"http:\/\/jenzera.org\/index.php?rest_route=\/wp\/v2\/pages\/1418\/revisions\/1421"}],"up":[{"embeddable":true,"href":"http:\/\/jenzera.org\/index.php?rest_route=\/wp\/v2\/pages\/258"}],"wp:attachment":[{"href":"http:\/\/jenzera.org\/index.php?rest_route=%2Fwp%2Fv2%2Fmedia&parent=1418"}],"curies":[{"name":"wp","href":"https:\/\/api.w.org\/{rel}","templated":true}]}}