{"id":1408,"date":"2012-08-15T02:44:38","date_gmt":"2012-08-15T07:44:38","guid":{"rendered":"http:\/\/jenzera.org\/web\/?page_id=1408"},"modified":"2012-08-16T12:50:36","modified_gmt":"2012-08-16T17:50:36","slug":"vision","status":"publish","type":"page","link":"http:\/\/jenzera.org\/?page_id=1408","title":{"rendered":"Visi\u00f3n"},"content":{"rendered":"<p>El colectivo de trabajo Jenzera desarrollar\u00e1 sus actividades de acompa\u00f1amiento a los pueblos ind\u00edgenas, afrocolombianos y campesinos, de acuerdo a un enfoque integral de sus problem\u00e1ticas, coadyuvando a que las organizaciones y sus dirigencias desarrollen alternativas pol\u00edticas y alianzas interculturales que junten las fortalezas de estos pueblos para construir espacios propios y aut\u00f3nomos, con el fin de incidir en un cambio social, pol\u00edtico y econ\u00f3mico de sus regiones, que les asegure la propiedad, el control y el disfrute de sus territorios y bienes naturales.<\/p>\n","protected":false},"excerpt":{"rendered":"<p>El colectivo de trabajo Jenzera desarrollar\u00e1 sus actividades de acompa\u00f1amiento a los pueblos ind\u00edgenas, afrocolombianos y campesinos, de acuerdo a un enfoque integral de sus problem\u00e1ticas, coadyuvando a que las organizaciones y sus dirigencias desarrollen alternativas pol\u00edticas y alianzas interculturales &hellip; <a href=\"http:\/\/jenzera.org\/?page_id=1408\">Continue reading <span class=\"meta-nav\">&rarr;<\/span><\/a><\/p>\n","protected":false},"author":1,"featured_media":0,"parent":1356,"menu_order":0,"comment_status":"closed","ping_status":"closed","template":"","meta":[],"_links":{"self":[{"href":"http:\/\/jenzera.org\/index.php?rest_route=\/wp\/v2\/pages\/1408"}],"collection":[{"href":"http:\/\/jenzera.org\/index.php?rest_route=\/wp\/v2\/pages"}],"about":[{"href":"http:\/\/jenzera.org\/index.php?rest_route=\/wp\/v2\/types\/page"}],"author":[{"embeddable":true,"href":"http:\/\/jenzera.org\/index.php?rest_route=\/wp\/v2\/users\/1"}],"replies":[{"embeddable":true,"href":"http:\/\/jenzera.org\/index.php?rest_route=%2Fwp%2Fv2%2Fcomments&post=1408"}],"version-history":[{"count":4,"href":"http:\/\/jenzera.org\/index.php?rest_route=\/wp\/v2\/pages\/1408\/revisions"}],"predecessor-version":[{"id":1515,"href":"http:\/\/jenzera.org\/index.php?rest_route=\/wp\/v2\/pages\/1408\/revisions\/1515"}],"up":[{"embeddable":true,"href":"http:\/\/jenzera.org\/index.php?rest_route=\/wp\/v2\/pages\/1356"}],"wp:attachment":[{"href":"http:\/\/jenzera.org\/index.php?rest_route=%2Fwp%2Fv2%2Fmedia&parent=1408"}],"curies":[{"name":"wp","href":"https:\/\/api.w.org\/{rel}","templated":true}]}}