{"id":1356,"date":"2012-08-14T16:12:58","date_gmt":"2012-08-14T21:12:58","guid":{"rendered":"http:\/\/jenzera.org\/web\/?page_id=1356"},"modified":"2013-03-08T18:41:29","modified_gmt":"2013-03-08T23:41:29","slug":"nuestra-historia","status":"publish","type":"page","link":"http:\/\/jenzera.org\/?page_id=1356","title":{"rendered":"El Colectivo"},"content":{"rendered":"<p><span style=\"color: #000000;\">Jenzera es un colectivo de trabajo interdisciplinario e inter\u00e9tnico compuesto por hombres y mujeres con m\u00e1s de 15 a\u00f1os de experiencia de trabajo y compromiso con los esfuerzos organizativos de grupos campesinos y \u00e9tnico-territoriales por superar estadios de pobreza y exclusi\u00f3n social.<\/span><\/p>\n<p><span style=\"color: #000000;\">Jenzera acompa\u00f1a procesos comunitarios de pueblos ind\u00edgenas, negros y campesinos tendientes a mejorar sus organizaciones y comunidades para que puedan decidir libremente sobre su vida social, pol\u00edtica y econ\u00f3mica a trav\u00e9s de la defensa de sus territorios, el fortalecimiento de gobiernos propios y el desarrollo de una econom\u00eda autogestionaria que responda a sus necesidades y propicie una alimentaci\u00f3n sana y suficiente.<\/span><\/p>\n<p><span style=\"color: #000000;\">Aspiramos a que por medio de nuestro acompa\u00f1amiento y nuestra oferta de herramientas conceptuales y pr\u00e1cticas, las comunidades construyan alternativas de vida respetuosas de la naturaleza y solidarias con otras formas de expresi\u00f3n cultural.<\/span><\/p>\n<p><span style=\"color: #000000;\">Anhelamos abrir espacios para la convivencia y la paz por medio del respeto a los derechos humanos, la equidad de g\u00e9nero y el desarrollo de la interculturalidad.<\/span><\/p>\n<p><span style=\"color: #000000; text-decoration: underline;\">Misi\u00f3n<\/span><\/p>\n<p><span style=\"color: #000000;\">Por medio del fomento de procesos de investigaci\u00f3n y acci\u00f3n pol\u00edtica, del apoyo a procesos comunitarios en defensa de los territorios colectivos, del fortalecimiento de gobiernos propios y del desarrollo de una econom\u00eda autogestionaria, el Colectivo de Trabajo Jenzera busca fortalecer las capacidades propias de las organizaciones de los pueblos ind\u00edgenas, afrocolombianos y campesinos para decidir aut\u00f3nomamente sobre su vida social, pol\u00edtica y econ\u00f3mica. Jenzera aspira que por medio de las herramientas te\u00f3ricas y pr\u00e1cticas que ofrece, las comunidades construyan alternativas de vida solidarias con todas las expresiones de vida biol\u00f3gica y cultural. En tal sentido una se\u00f1al caracter\u00edstica de Jenzera es que agencia pol\u00edticas de respeto a los derechos humanos, la equidad de g\u00e9nero y el desarrollo de relaciones interculturales, para fortalecer espacios de convivencia inter\u00e9tnica, que por naturaleza son una apuesta en favor de la vida y una resistencia a la violencia.<\/span><\/p>\n<p><span style=\"color: #000000; text-decoration: underline;\">Visi\u00f3n<\/span><\/p>\n<p><span style=\"color: #000000;\">El colectivo de trabajo Jenzera desarrollar\u00e1 sus actividades de acompa\u00f1amiento a los pueblos ind\u00edgenas, afrocolombianos y campesinos, de acuerdo a un enfoque integral de sus problem\u00e1ticas, coadyuvando a que las organizaciones y sus dirigencias desarrollen alternativas pol\u00edticas y alianzas interculturales que junten las fortalezas de estos pueblos para construir espacios propios y aut\u00f3nomos, con el fin de incidir en un cambio social, pol\u00edtico y econ\u00f3mico de sus regiones, que les asegure la propiedad, el control y el disfrute de sus territorios y bienes naturales<\/span>.<\/p>\n","protected":false},"excerpt":{"rendered":"<p>Jenzera es un colectivo de trabajo interdisciplinario e inter\u00e9tnico compuesto por hombres y mujeres con m\u00e1s de 15 a\u00f1os de experiencia de trabajo y compromiso con los esfuerzos organizativos de grupos campesinos y \u00e9tnico-territoriales por superar estadios de pobreza y &hellip; <a href=\"http:\/\/jenzera.org\/?page_id=1356\">Continue reading <span class=\"meta-nav\">&rarr;<\/span><\/a><\/p>\n","protected":false},"author":1,"featured_media":0,"parent":0,"menu_order":2,"comment_status":"open","ping_status":"closed","template":"","meta":[],"_links":{"self":[{"href":"http:\/\/jenzera.org\/index.php?rest_route=\/wp\/v2\/pages\/1356"}],"collection":[{"href":"http:\/\/jenzera.org\/index.php?rest_route=\/wp\/v2\/pages"}],"about":[{"href":"http:\/\/jenzera.org\/index.php?rest_route=\/wp\/v2\/types\/page"}],"author":[{"embeddable":true,"href":"http:\/\/jenzera.org\/index.php?rest_route=\/wp\/v2\/users\/1"}],"replies":[{"embeddable":true,"href":"http:\/\/jenzera.org\/index.php?rest_route=%2Fwp%2Fv2%2Fcomments&post=1356"}],"version-history":[{"count":15,"href":"http:\/\/jenzera.org\/index.php?rest_route=\/wp\/v2\/pages\/1356\/revisions"}],"predecessor-version":[{"id":1370,"href":"http:\/\/jenzera.org\/index.php?rest_route=\/wp\/v2\/pages\/1356\/revisions\/1370"}],"wp:attachment":[{"href":"http:\/\/jenzera.org\/index.php?rest_route=%2Fwp%2Fv2%2Fmedia&parent=1356"}],"curies":[{"name":"wp","href":"https:\/\/api.w.org\/{rel}","templated":true}]}}