{"id":130,"date":"2010-01-16T12:31:03","date_gmt":"2010-01-16T17:31:03","guid":{"rendered":"http:\/\/jenzera.org\/web\/?page_id=130"},"modified":"2012-08-14T18:22:10","modified_gmt":"2012-08-14T23:22:10","slug":"pacifico-colombiano","status":"publish","type":"page","link":"http:\/\/jenzera.org\/?page_id=130","title":{"rendered":"R\u00edo Naya"},"content":{"rendered":"<p style=\"text-align: right;\">El futuro del Pac\u00edfico colombiano, regi\u00f3n de inmensa riqueza cultural y ambiental, est\u00e1 ahora m\u00e1s que nunca sujeto al desenlace \u00a0de procesos relacionados con el conflicto armado, la extracci\u00f3n de recursos, el posible desarrollo de megaproyectos y el monocultivo. El Colectivo de Trabajo Jenzer\u00e1 viene estudiando esta realidad y le ofrece documentos de discusi\u00f3n tanto a las comunidades y organizaciones afectadas como a aquellas personas preocupadas por esta regi\u00f3n de nuestro pa\u00eds.<\/p>\n<p style=\"text-align: right;\">\n<h3><span style=\"color: #0000ff;\">El R\u00edo Naya<\/span><\/h3>\n<p>En esta secci\u00f3n\u00a0queremos mostrar los esfuerzos que realizan negros, ind\u00edgenas y campesinos por reconstruir sus vidas en una regi\u00f3n azotada por la violencia. El Naya es una regi\u00f3n donde se encuentran todos los problemas que caracterizan la actual Colombia: Est\u00e1 poblada por cuatro grupos diferentes que debido a procesos econ\u00f3micos en esta zona, perdieron buena parte de las relaciones de convivencia construidas durante muchos a\u00f1os. Tanto negros como ind\u00edgenas no tienen propiedad, ni colectiva ni individual, sobre las tierras que ancestralmente habitan. Debido a su ubicaci\u00f3n geogr\u00e1fica (va desde la cresta de la cordillera occidental hasta el oc\u00e9ano pac\u00edfico), es un sitio de grandes ventajas estrat\u00e9gicas para los grupos armados, de all\u00ed la presencia de grupos guerrilleros (F.A.R.C y E.L.N.) y de grupos paramilitares. En el Alto Naya los paramilitares realizaron una masacre en abril del 2001, que cost\u00f3 la vida a m\u00e1s de 100 personas, campesinos, negros e ind\u00edgenas y que ocasion\u00f3 el desplazamiento de m\u00e1s de 1.000 personas.<\/p>\n<p><a href=\"http:\/\/www.flickr.com\/photos\/jenzera\/sets\/72157623671779750\/show\/\" target=\"_self\">Fotos desplazados del Naya<\/a><\/p>\n<p><a href=\"http:\/\/www.flickr.com\/photos\/jenzera\/sets\/72157623547318321\/show\/\" target=\"_self\">Fotos Semana de Solidaridad con el R\u00edo Naya<strong><em> <\/em><\/strong><\/a><\/p>\n<h4><span style=\"color: #0000ff;\">Poblaci\u00f3n de La cuenca del r\u00edo Naya <\/span><\/h4>\n<table border=\"1\" cellspacing=\"0\" cellpadding=\"0\" width=\"553\">\n<tbody>\n<tr>\n<td width=\"261\" valign=\"top\"><strong><em>Grupo<\/em><\/strong><\/td>\n<td width=\"191\" valign=\"top\"><strong><em>Ubicaci\u00f3n<\/em><\/strong><\/td>\n<td width=\"101\" valign=\"top\"><strong><em>Poblaci\u00f3n<\/em><\/strong><\/td>\n<\/tr>\n<tr>\n<td width=\"261\" valign=\"top\"><em>Ind\u00edgena nasa (paez)<\/em><\/td>\n<td width=\"191\" valign=\"top\"><em>Alto r\u00edo Naya<\/em><\/td>\n<td width=\"101\" valign=\"top\"><em>3.209<\/em><\/td>\n<\/tr>\n<tr>\n<td width=\"261\" valign=\"top\"><em>Afrocolombiano\/ campesino<\/em><\/td>\n<td width=\"191\" valign=\"top\"><em>Alto r\u00edo Naya<\/em><\/td>\n<td width=\"101\" valign=\"top\"><em>805<\/em><\/td>\n<\/tr>\n<tr>\n<td width=\"261\" valign=\"top\"><em>Blanco-Mestizo\/ campesino<\/em><\/td>\n<td width=\"191\" valign=\"top\"><em>Alto r\u00edo Naya<\/em><\/td>\n<td width=\"101\" valign=\"top\"><em>313<\/em><\/td>\n<\/tr>\n<tr>\n<td width=\"261\" valign=\"top\"><em>Afrocolombiano\/ribere\u00f1o<\/em><\/td>\n<td width=\"191\" valign=\"top\"><em>Bajo r\u00edo Naya<\/em><\/td>\n<td width=\"101\" valign=\"top\"><em>18.500<\/em><\/td>\n<\/tr>\n<tr>\n<td width=\"261\" valign=\"top\"><em>Ind\u00edgena Eperara Siapidaara<\/em><\/td>\n<td width=\"191\" valign=\"top\"><em>Bajo Naya<\/em><\/td>\n<td width=\"101\" valign=\"top\"><em>313<\/em><\/td>\n<\/tr>\n<tr>\n<td width=\"261\" valign=\"top\"><em>Poblaci\u00f3n desplazada<\/em><\/td>\n<td width=\"191\" valign=\"top\"><em><\/em><\/td>\n<td width=\"101\" valign=\"top\"><em>800<\/em><\/td>\n<\/tr>\n<tr>\n<td width=\"261\" valign=\"top\"><strong><em>Total<\/em><\/strong><\/td>\n<td width=\"191\" valign=\"top\"><strong><em><\/em><\/strong><\/td>\n<td width=\"101\" valign=\"top\"><strong><em>23.940<\/em><\/strong><\/td>\n<\/tr>\n<\/tbody>\n<\/table>\n<p style=\"text-align: right;\">\n<p style=\"text-align: right;\">\n<h4><span style=\"color: #0000ff;\">Documentos sobre el Naya<\/span><\/h4>\n<p><a rel=\"attachment wp-att-572\" href=\"http:\/\/jenzera.org\/web\/?attachment_id=572\">La historia de la masacre en coplas<\/a><\/p>\n<p><a rel=\"attachment wp-att-502\" href=\"http:\/\/jenzera.org\/web\/?attachment_id=502\">El Naya: Una apuesta inter\u00e9tnica para la defensa de la vida<\/a><\/p>\n<p><a rel=\"attachment wp-att-548\" href=\"http:\/\/jenzera.org\/web\/?attachment_id=548\">Plan de reconstrucci\u00f3n del Naya<\/a><\/p>\n<p><a rel=\"attachment wp-att-531\" href=\"http:\/\/jenzera.org\/web\/?attachment_id=531\">Diez tesis para el Naya<\/a><\/p>\n<p><a rel=\"attachment wp-att-551\" href=\"http:\/\/jenzera.org\/web\/?attachment_id=551\">Esfuerzos para reconstruir la vida del Naya<\/a><\/p>\n<p><a rel=\"attachment wp-att-543\" href=\"http:\/\/jenzera.org\/web\/?attachment_id=543\">Sustainable Economic Development in the Naya<\/a><\/p>\n<p><a rel=\"attachment wp-att-580\" href=\"http:\/\/jenzera.org\/web\/?attachment_id=580\">Army presence in the Naya<\/a><\/p>\n<p><a rel=\"attachment wp-att-583\" href=\"http:\/\/jenzera.org\/web\/?attachment_id=583\">Presencia del ej\u00e9rcito nacional en el Alto Naya<\/a><\/p>\n<h4><span style=\"color: #0000ff;\">Mesa de Trabajo y Solidaridad con el Naya<\/span><\/h4>\n<p><a rel=\"attachment wp-att-509\" href=\"http:\/\/jenzera.org\/web\/?attachment_id=509\">Asesinato del gobernador Antioquia (2003)<\/a><\/p>\n<p><a rel=\"attachment wp-att-510\" href=\"http:\/\/jenzera.org\/web\/?attachment_id=510\">Carta para Alcalde Buenos Aires (2003)<\/a><\/p>\n<p><a rel=\"attachment wp-att-511\" href=\"http:\/\/jenzera.org\/web\/?attachment_id=511\">Desaparici\u00f3n de Manuel Ramos (2002)<\/a><strong> <\/strong><\/p>\n<p><a href=\"http:\/\/jenzera.org\/web\/wp-content\/uploads\/2010\/01\/mision-humanitaria-naya1.pdf\">Minga por la vida de los pueblos ind\u00edgenas, afrocolombianos y campesinos del R\u00edo Naya (2003)<\/a><\/p>\n<h3><span style=\"color: #0000ff;\">La Uni\u00f3n Inter\u00e9tnica del R\u00edo Naya-UTINAYA<\/span><\/h3>\n<p>Esta secci\u00f3n documenta la experiencia de creaci\u00f3n de una agenda inter\u00e9tnica de trabajo entre los pobladores del R\u00edo Naya, en los departamentos de Cauca y Valle. Esta agenda\u00a0fue producto de una serie de reuniones de ind\u00edgenas, afrocolombianos y campesinos del Naya, con el fin de buscar mancomunadamente soluciones a sus problemas. Estos encuentros en Cali y Bogot\u00e1, fueron \u00a0acompa\u00f1ados por organizaciones locales, regionales y nacionales, y por una serie de organizaciones amigas y solidarias.<\/p>\n<p>La <em>primera apuesta<\/em> de la Agenda inter\u00e9tnica es buscar una organizaci\u00f3n conjunta que junte las fortalezas de todos para lograr ciertos espacios de autonom\u00eda frente a los grupos armados de la regi\u00f3n y poder aumentar nuestra capacidad de presi\u00f3n al Estado para que responda a nuestras demandas.<\/p>\n<p>La <em>segunda apuesta<\/em> es la de lograr juntos apropiarnos legal, econ\u00f3mica y pol\u00edticamente, de los territorios ancestrales del Naya.<\/p>\n<p>La <em>tercera apuesta<\/em> es lograr acuerdos frente al manejo del territorio y uso de los recursos naturales, y frente al desarrollo de una econom\u00eda propia, cultural, ambiental y econ\u00f3micamente sostenible, que les garantice a todas las comunidades la soberan\u00eda alimentaria.<\/p>\n<p>La <em>cuarta apuesta<\/em> es lograr la convivencia y la tolerancia entre nuestras culturas.<\/p>\n<h4><span style=\"color: #0000ff;\">Documentos de UTINAYA<\/span><\/h4>\n<p><a rel=\"attachment wp-att-379\" href=\"http:\/\/jenzera.org\/web\/?attachment_id=379\">I Encuentro de Utinaya<\/a><\/p>\n<p><a rel=\"attachment wp-att-487\" href=\"http:\/\/jenzera.org\/web\/?attachment_id=487\">II encuentro de Utinaya<\/a><\/p>\n<p><a rel=\"attachment wp-att-493\" href=\"http:\/\/jenzera.org\/web\/?attachment_id=493\">III Encuentro de Utinaya<\/a><\/p>\n<p><a rel=\"attachment wp-att-494\" href=\"http:\/\/jenzera.org\/web\/?attachment_id=494\">IV Encuentro de Utinaya<\/a><\/p>\n<p><a rel=\"attachment wp-att-564\" href=\"http:\/\/jenzera.org\/web\/?attachment_id=564\">Acta de constituci\u00f3n UTINAYA<\/a><\/p>\n<p><a rel=\"attachment wp-att-575\" href=\"http:\/\/jenzera.org\/web\/?attachment_id=575\">Intervenci\u00f3n de Utinaya en en la plenaria conjunta de la dirigencia pol\u00edtica vallecaucana <\/a><\/p>\n<p><a rel=\"attachment wp-att-571\" href=\"http:\/\/jenzera.org\/web\/?attachment_id=571\">Documento de UTINAYA para la Cumbre Nacional, La Mar\u00eda 2006<\/a><\/p>\n<h4><span style=\"color: #0000ff;\">Fotos de los encuentros de UTINAYA<\/span><\/h4>\n<p><a href=\"http:\/\/www.flickr.com\/photos\/jenzera\/sets\/72157623297430781\/show\/\" target=\"_self\">Primer Encuentro<\/a><\/p>\n<p><a href=\"http:\/\/www.flickr.com\/photos\/jenzera\/sets\/72157623365426191\/show\/\" target=\"_self\">Segundo Encuentro<\/a><\/p>\n<p><a href=\"http:\/\/www.flickr.com\/photos\/jenzera\/sets\/72157623496905820\/show\/\" target=\"_self\">Cuarto Encuentro<\/a><\/p>\n<h3><span style=\"color: #0000ff;\">Documentos sobre el Pac\u00edfico<\/span><\/h3>\n<p><strong>Violencia:<\/strong><\/p>\n<p><a href=\"http:\/\/jenzera.org\/web\/wp-content\/uploads\/2010\/01\/I-Terror-en-el-Pac\u00edfico.pdf\">Terror en el Pac\u00edfico, I<\/a><\/p>\n<p><a rel=\"attachment wp-att-238\" href=\"http:\/\/jenzera.org\/web\/?attachment_id=238\">Terror en el Pac\u00edfico, II<\/a><\/p>\n<p><strong>Derechos humanos:<\/strong><\/p>\n<p><a href=\"http:\/\/jenzera.org\/web\/wp-content\/uploads\/2010\/01\/DECLARACI\u00d3N-DE-LOS-PUEBLOS-IND\u00cdGENAS-DEL-PAC\u00cdFICO-1.pdf\">Declaraci\u00f3n de los pueblos ind\u00edgenas del Pac\u00edfico al pueblo colombiano<\/a><strong> <\/strong><\/p>\n<p><a href=\"http:\/\/jenzera.org\/web\/wp-content\/uploads\/2010\/01\/Primer-congreso-de-los-pueblos-ind\u00edgenas.pdf\">Primer congreso de los pueblos ind\u00edgenas<\/a><strong> <\/strong><\/p>\n<p><a href=\"http:\/\/jenzera.org\/web\/wp-content\/uploads\/2010\/01\/CARTA-ABIERTA-DE-LAS-ORGANIZACIONES-IND\u00cdGENAS-1.pdf\">Carta abierta de las organizaciones ind\u00edgenas a los pobladores del Pac\u00edfico colombiano<\/a><strong><br \/>\n<\/strong><\/p>\n<p><a rel=\"attachment wp-att-358\" href=\"http:\/\/jenzera.org\/web\/?attachment_id=358\">Colombia, el caso del Naya<\/a><\/p>\n<p><a class=\"wp-caption-dd\" href=\"http:\/\/www.flickr.com\/photos\/jenzera\/sets\/72157623390807528\/show\/\" target=\"_self\">Fotos de la presentaci\u00f3n del informe<\/a><\/p>\n<p><strong>Territorio:<\/strong><\/p>\n<p><a rel=\"attachment wp-att-497\" href=\"http:\/\/jenzera.org\/web\/?attachment_id=497\">Territorio, identidad cultural, jurisdicci\u00f3n especial, gobierno propio y autonom\u00eda de los grupos \u00e9tnico-territoriales<\/a><\/p>\n<p style=\"text-align: left;\"><span style=\"color: #0000ff;\"><a href=\"http:\/\/jenzera.org\/web\/wp-content\/uploads\/2010\/01\/DESPOJO-DEL-TERRITORIO-EN-COMUNIDADES-AfROCOLOMBIANAS.pdf\">Despojo del Territorio en Comunidades Afrocolombianas<\/a><br \/>\n<\/span><\/p>\n<h3 style=\"text-align: left;\"><span style=\"color: #0000ff;\">Im\u00e1genes<\/span><\/h3>\n<p><a href=\"http:\/\/jenzera.org\/web\/?page_id=425\">Una d\u00e9cima sobre el manglar<\/a><\/p>\n<p><a href=\"http:\/\/www.flickr.com\/photos\/jenzera\/sets\/72157623670039322\/show\/\" target=\"_self\">Fotos de sistemas productivos en el Naya<\/a><\/p>\n","protected":false},"excerpt":{"rendered":"<p>El futuro del Pac\u00edfico colombiano, regi\u00f3n de inmensa riqueza cultural y ambiental, est\u00e1 ahora m\u00e1s que nunca sujeto al desenlace \u00a0de procesos relacionados con el conflicto armado, la extracci\u00f3n de recursos, el posible desarrollo de megaproyectos y el monocultivo. El &hellip; <a href=\"http:\/\/jenzera.org\/?page_id=130\">Continue reading <span class=\"meta-nav\">&rarr;<\/span><\/a><\/p>\n","protected":false},"author":1,"featured_media":0,"parent":258,"menu_order":3,"comment_status":"closed","ping_status":"closed","template":"","meta":[],"_links":{"self":[{"href":"http:\/\/jenzera.org\/index.php?rest_route=\/wp\/v2\/pages\/130"}],"collection":[{"href":"http:\/\/jenzera.org\/index.php?rest_route=\/wp\/v2\/pages"}],"about":[{"href":"http:\/\/jenzera.org\/index.php?rest_route=\/wp\/v2\/types\/page"}],"author":[{"embeddable":true,"href":"http:\/\/jenzera.org\/index.php?rest_route=\/wp\/v2\/users\/1"}],"replies":[{"embeddable":true,"href":"http:\/\/jenzera.org\/index.php?rest_route=%2Fwp%2Fv2%2Fcomments&post=130"}],"version-history":[{"count":191,"href":"http:\/\/jenzera.org\/index.php?rest_route=\/wp\/v2\/pages\/130\/revisions"}],"predecessor-version":[{"id":1392,"href":"http:\/\/jenzera.org\/index.php?rest_route=\/wp\/v2\/pages\/130\/revisions\/1392"}],"up":[{"embeddable":true,"href":"http:\/\/jenzera.org\/index.php?rest_route=\/wp\/v2\/pages\/258"}],"wp:attachment":[{"href":"http:\/\/jenzera.org\/index.php?rest_route=%2Fwp%2Fv2%2Fmedia&parent=130"}],"curies":[{"name":"wp","href":"https:\/\/api.w.org\/{rel}","templated":true}]}}